{"id":8,"date":"2023-10-30T09:50:50","date_gmt":"2023-10-30T09:50:50","guid":{"rendered":"https:\/\/ihem.acewebgh.com\/?page_id=8"},"modified":"2024-06-17T10:14:35","modified_gmt":"2024-06-17T10:14:35","slug":"about","status":"publish","type":"page","link":"https:\/\/ihemmali.com\/fr\/about\/","title":{"rendered":"Presentation"},"content":{"rendered":"<div data-elementor-type=\"wp-page\" data-elementor-id=\"8\" class=\"elementor elementor-8\" data-elementor-post-type=\"page\">\n\t\t\t\t<div class=\"elementor-element elementor-element-c58bed2 e-con-full e-flex e-con e-parent\" data-id=\"c58bed2\" data-element_type=\"container\" data-e-type=\"container\">\n\t\t<div class=\"elementor-element elementor-element-17a3f48 e-con-full e-flex e-con e-child\" data-id=\"17a3f48\" data-element_type=\"container\" data-e-type=\"container\">\n\t\t\t\t<div class=\"elementor-element elementor-element-8fd8352 elementor-invisible elementor-widget elementor-widget-heading\" data-id=\"8fd8352\" data-element_type=\"widget\" data-e-type=\"widget\" data-settings=\"{&quot;_animation&quot;:&quot;fadeInUp&quot;}\" data-widget_type=\"heading.default\">\n\t\t\t\t<div class=\"elementor-widget-container\">\n\t\t\t\t\t<h2 class=\"elementor-heading-title elementor-size-default\">NOTRE HISTOIRE<\/h2>\t\t\t\t<\/div>\n\t\t\t\t<\/div>\n\t\t\t\t<div class=\"elementor-element elementor-element-d27784f elementor-widget-divider--view-line elementor-widget elementor-widget-divider\" data-id=\"d27784f\" data-element_type=\"widget\" data-e-type=\"widget\" data-widget_type=\"divider.default\">\n\t\t\t\t<div class=\"elementor-widget-container\">\n\t\t\t\t\t\t\t<div class=\"elementor-divider\">\n\t\t\t<span class=\"elementor-divider-separator\">\n\t\t\t\t\t\t<\/span>\n\t\t<\/div>\n\t\t\t\t\t\t<\/div>\n\t\t\t\t<\/div>\n\t\t\t\t<div class=\"elementor-element elementor-element-222935b elementor-widget elementor-widget-text-editor\" data-id=\"222935b\" data-element_type=\"widget\" data-e-type=\"widget\" data-widget_type=\"text-editor.default\">\n\t\t\t\t<div class=\"elementor-widget-container\">\n\t\t\t\t\t\t\t\t\t<p class=\"translation-block\">L\u2019Institut des Hautes \u00c9tudes en Management (IHEM) a \u00e9t\u00e9 cr\u00e9\u00e9 \u00e0 Bamako, par l\u2019arr\u00eat\u00e9 \u2116 01-0085\/ ME \u2014 SG, le 24 janvier 2001. Cet arr\u00eat\u00e9 s\u2019inscrit dans la volont\u00e9 de l\u2019\u00c9tat malien \u00e0 faire face aux carences de l\u2019enseignement sup\u00e9rieur, notamment par une politique d\u2019ouverture \u00e0 la concurrence plus marqu\u00e9e. Dans le creus\u00e9 de cette dynamique, l\u2019IHEM est aujourd\u2019hui l\u2019un des \u00e9tablissements de r\u00e9f\u00e9rence dont la renomm\u00e9e s\u2019illustre par ses nombreux partenariats internationaux et l\u2019insertion professionnelle r\u00e9ussie de nombre de ses \u00e9tudiants L\u2019IHEM a construit ses programmes sur la base du syst\u00e8me de Licence, Master et Doctorat dit \u00ab LMD \u00bb. Ce choix offre \u00e0 l\u2019institut une parfaite int\u00e9gration de ses formations et dipl\u00f4mes au niveau europ\u00e9en et plus largement international. <br><br>\nL\u2019IHEM s\u2019est donn\u00e9 pour mission de contribuer \u00e0 la diffusion de nouvelles et solides connaissances dans ses domaines de comp\u00e9tences. Pour cela, nous avons d\u00e9velopp\u00e9 au fil des ann\u00e9es une offre de formations adapt\u00e9e aux besoins de nos \u00e9tudiants, des entreprises et des administrations.\nEn plus de nos formations en Licence et en Master, l\u2019IHEM a diversifi\u00e9 ses activit\u00e9s. Pour r\u00e9pondre aux demandes locales, nous proposons \u00e9galement :<br>\n\u2013 Un Centre de Formation en Langues (CEFLA d\u00e9di\u00e9 \u00e0 l\u2019enseignement de l\u2019anglais)\u2009;<br>\n\u2013 Des formations courtes et s\u00e9minaires sur mesure\u2009;<br>\n\u2013 Sur demande, des activit\u00e9s de conseil et d\u2019assistance aux entreprises.<\/p>\t\t\t\t\t\t\t\t<\/div>\n\t\t\t\t<\/div>\n\t\t\t\t<\/div>\n\t\t<div class=\"elementor-element elementor-element-54ad23e e-con-full e-flex e-con e-child\" data-id=\"54ad23e\" data-element_type=\"container\" data-e-type=\"container\" data-settings=\"{&quot;background_background&quot;:&quot;classic&quot;}\">\n\t\t\t\t<\/div>\n\t\t\t\t<\/div>\n\t\t<div class=\"elementor-element elementor-element-7fecb09 e-flex e-con-boxed e-con e-parent\" data-id=\"7fecb09\" data-element_type=\"container\" data-e-type=\"container\">\n\t\t\t\t\t<div class=\"e-con-inner\">\n\t\t\t\t<div class=\"elementor-element elementor-element-1f1615c elementor-invisible elementor-widget elementor-widget-heading\" data-id=\"1f1615c\" data-element_type=\"widget\" data-e-type=\"widget\" data-settings=\"{&quot;_animation&quot;:&quot;fadeInUp&quot;}\" data-widget_type=\"heading.default\">\n\t\t\t\t<div class=\"elementor-widget-container\">\n\t\t\t\t\t<h2 class=\"elementor-heading-title elementor-size-default\">FORUM DE BAMAKO<\/h2>\t\t\t\t<\/div>\n\t\t\t\t<\/div>\n\t\t\t\t<div class=\"elementor-element elementor-element-49639aa elementor-widget-divider--view-line elementor-widget elementor-widget-divider\" data-id=\"49639aa\" data-element_type=\"widget\" data-e-type=\"widget\" data-widget_type=\"divider.default\">\n\t\t\t\t<div class=\"elementor-widget-container\">\n\t\t\t\t\t\t\t<div class=\"elementor-divider\">\n\t\t\t<span class=\"elementor-divider-separator\">\n\t\t\t\t\t\t<\/span>\n\t\t<\/div>\n\t\t\t\t\t\t<\/div>\n\t\t\t\t<\/div>\n\t\t\t\t<div class=\"elementor-element elementor-element-9cd72b6 elementor-widget elementor-widget-text-editor\" data-id=\"9cd72b6\" data-element_type=\"widget\" data-e-type=\"widget\" data-widget_type=\"text-editor.default\">\n\t\t\t\t<div class=\"elementor-widget-container\">\n\t\t\t\t\t\t\t\t\t<p class=\"translation-block\">L\u2019IHEM et le Forum de Bamako partagent des liens tr\u00e8s forts et ceci puisqu\u2019ils sont tous deux dirig\u00e9s par Abdallah Coulibaly. Cet \u00e9l\u00e9ment est tr\u00e8s insuffisant pour qualifier les synergies multiples et profondes entre l\u2019IHEM et le Forum de Bamako. <br>\nL\u2019IHEM et le Forum font partie d\u2019un ensemble indissociable dont nous avons le devoir de vous pr\u00e9senter.\nMr Coulibaly a cherch\u00e9 \u00e0 cr\u00e9er un \u00e9cosyst\u00e8me unique en son genre au Mali. La cr\u00e9ation d\u2019une \u00e9cole de commerce \u00e9tait d\u00e9j\u00e0 un chalenge important \u00e0 relever, mais n\u2019\u00e9tait pas suffisante. Il fallait une initiative africaine originale hors des cadres conventionnels et institutionnels qui permettent sous le signe de la libert\u00e9 de parole, de la convivialit\u00e9 et du haut niveau de d\u00e9bats des rencontres entre chefs d\u2019entreprise, hommes et femmes politiques, d\u00e9cideurs publics, universitaires, experts, repr\u00e9sentants de la soci\u00e9t\u00e9 civile et des m\u00e9dias, du continent africain et des autres continents.<br><br>\nLe Forum de Bamako a donc \u00e9t\u00e9 cr\u00e9\u00e9 en ce sens pour favoriser le m\u00e9tissage de connaissances et le partage des savoirs dans une approche participative qui suscite chaque ann\u00e9e (courant du mois de f\u00e9vrier) un int\u00e9r\u00eat grandissant. Pour preuve, le Forum de Bamako conna\u00eet une long\u00e9vit\u00e9 qui lui a permis de f\u00eater en 2018 ses 18 ans d\u2019existence. Depuis plusieurs ann\u00e9es, le Forum de Bamako suscite une forte mobilisation des grands m\u00e9dias internationaux, notamment par l\u2019organisation \u00e0 chaque \u00e9dition de rendez-vous t\u00e9l\u00e9vis\u00e9s et d\u2019\u00e9missions de radio. Un grand d\u00e9bat, diffus\u00e9 par les t\u00e9l\u00e9visions africaines, a \u00e9t\u00e9 mis en \u0153uvre depuis plusieurs ann\u00e9es conjointement par Canal France International (CFI) et Radio France Internationale (RFI), avec le concours de l\u2019Office de la radiot\u00e9l\u00e9vision malienne (ORTM), etc.<br><br>\nAccompagn\u00e9 et soutenu par de nombreux partenaires publics et priv\u00e9s, le Forum de Bamako publie \u00e0 chacune de ses \u00e9ditions un m\u00e9morandum remis au Pr\u00e9sident de la R\u00e9publique du Mali. Ce document, ainsi que les contributions produites dans le cadre du Forum, sont des outils d\u2019analyse, de r\u00e9flexion et de proposition destin\u00e9s aux d\u00e9cideurs et organisations impliqu\u00e9s dans les questions de d\u00e9veloppement en Afrique. Par ailleurs les travaux du Forum de Bamako, ainsi que les r\u00e9flexions g\u00e9n\u00e9r\u00e9es par la Fondation Forum de Bamako sont mis \u00e0 la disposition du plus large public par divers canaux : internet, articles de presse, compte-rendu et d\u00e9bats radiodiffus\u00e9s et t\u00e9l\u00e9vis\u00e9s, publications.\nLa formation de futures \u00e9lites maliennes, africaines est une premi\u00e8re \u00e9tape qui vient s\u2019int\u00e9grer parfaitement avec le Forum de Bamako pour orienter les r\u00e9flexions et actions n\u00e9cessaires au d\u00e9veloppement \u00e0 venir de l\u2019Afrique. Le forum jouit d\u2019une notori\u00e9t\u00e9 qui s\u2019est construite au fil des ann\u00e9es, la presse nomme d\u00e9sormais le Forum le petit \u2018\u2019Davos de l\u2019Afrique\u2019\u2019. Sans pr\u00e9tention aucune, les \u00e9quipes de l\u2019IHEM participant, b\u00e9n\u00e9volement, au Forum ou bien les \u00e9quipes de la fondation du Forum de Bamako \u00e0 qui incombe la charge de l\u2019organisation de cet \u00e9v\u00e8nement sont fi\u00e8res des r\u00e9sultats de cette synergie IHEM\/Forum de Bamako.<\/p>\t\t\t\t\t\t\t\t<\/div>\n\t\t\t\t<\/div>\n\t\t\t\t\t<\/div>\n\t\t\t\t<\/div>\n\t\t\t\t<\/div>","protected":false},"excerpt":{"rendered":"<p>OUR STORY The Institute of Advanced Studies in Management (IHEM) was created in Bamako, by decree \u2116 01-0085\/ ME &#8211; SG, on January 24, 2001. This decree is part of the desire of the Malian State to in the face of the shortcomings of higher education, in particular through a policy of greater openness to [&hellip;]<\/p>\n","protected":false},"author":2,"featured_media":0,"parent":0,"menu_order":0,"comment_status":"closed","ping_status":"closed","template":"","meta":{"_acf_changed":false,"footnotes":""},"class_list":["post-8","page","type-page","status-publish","hentry"],"acf":[],"yoast_head":"<!-- This site is optimized with the Yoast SEO plugin v27.4 - https:\/\/yoast.com\/product\/yoast-seo-wordpress\/ -->\n<title>About IHEM - IHEM<\/title>\n<meta name=\"robots\" content=\"index, follow, max-snippet:-1, max-image-preview:large, max-video-preview:-1\" \/>\n<link rel=\"canonical\" href=\"https:\/\/ihemmali.com\/fr\/about\/\" \/>\n<meta property=\"og:locale\" content=\"fr_FR\" \/>\n<meta property=\"og:type\" content=\"article\" \/>\n<meta property=\"og:title\" content=\"About IHEM - IHEM\" \/>\n<meta property=\"og:description\" content=\"OUR STORY The Institute of Advanced Studies in Management (IHEM) was created in Bamako, by decree \u2116 01-0085\/ ME &#8211; SG, on January 24, 2001. This decree is part of the desire of the Malian State to in the face of the shortcomings of higher education, in particular through a policy of greater openness to [&hellip;]\" \/>\n<meta property=\"og:url\" content=\"https:\/\/ihemmali.com\/fr\/about\/\" \/>\n<meta property=\"og:site_name\" content=\"IHEM\" \/>\n<meta property=\"article:modified_time\" content=\"2024-06-17T10:14:35+00:00\" \/>\n<meta name=\"twitter:card\" content=\"summary_large_image\" \/>\n<meta name=\"twitter:label1\" content=\"Dur\u00e9e de lecture estim\u00e9e\" \/>\n\t<meta name=\"twitter:data1\" content=\"3 minutes\" \/>\n<script type=\"application\/ld+json\" class=\"yoast-schema-graph\">{\"@context\":\"https:\\\/\\\/schema.org\",\"@graph\":[{\"@type\":\"WebPage\",\"@id\":\"https:\\\/\\\/ihemmali.com\\\/about\\\/\",\"url\":\"https:\\\/\\\/ihemmali.com\\\/about\\\/\",\"name\":\"About IHEM - IHEM\",\"isPartOf\":{\"@id\":\"https:\\\/\\\/ihemmali.com\\\/fr\\\/#website\"},\"datePublished\":\"2023-10-30T09:50:50+00:00\",\"dateModified\":\"2024-06-17T10:14:35+00:00\",\"breadcrumb\":{\"@id\":\"https:\\\/\\\/ihemmali.com\\\/about\\\/#breadcrumb\"},\"inLanguage\":\"fr-FR\",\"potentialAction\":[{\"@type\":\"ReadAction\",\"target\":[\"https:\\\/\\\/ihemmali.com\\\/about\\\/\"]}]},{\"@type\":\"BreadcrumbList\",\"@id\":\"https:\\\/\\\/ihemmali.com\\\/about\\\/#breadcrumb\",\"itemListElement\":[{\"@type\":\"ListItem\",\"position\":1,\"name\":\"Home\",\"item\":\"https:\\\/\\\/ihemmali.com\\\/\"},{\"@type\":\"ListItem\",\"position\":2,\"name\":\"About IHEM\"}]},{\"@type\":\"WebSite\",\"@id\":\"https:\\\/\\\/ihemmali.com\\\/fr\\\/#website\",\"url\":\"https:\\\/\\\/ihemmali.com\\\/fr\\\/\",\"name\":\"IHEM\",\"description\":\"\",\"publisher\":{\"@id\":\"https:\\\/\\\/ihemmali.com\\\/fr\\\/#organization\"},\"potentialAction\":[{\"@type\":\"SearchAction\",\"target\":{\"@type\":\"EntryPoint\",\"urlTemplate\":\"https:\\\/\\\/ihemmali.com\\\/fr\\\/?s={search_term_string}\"},\"query-input\":{\"@type\":\"PropertyValueSpecification\",\"valueRequired\":true,\"valueName\":\"search_term_string\"}}],\"inLanguage\":\"fr-FR\"},{\"@type\":\"Organization\",\"@id\":\"https:\\\/\\\/ihemmali.com\\\/fr\\\/#organization\",\"name\":\"IHEM\",\"url\":\"https:\\\/\\\/ihemmali.com\\\/fr\\\/\",\"logo\":{\"@type\":\"ImageObject\",\"inLanguage\":\"fr-FR\",\"@id\":\"https:\\\/\\\/ihemmali.com\\\/fr\\\/#\\\/schema\\\/logo\\\/image\\\/\",\"url\":\"https:\\\/\\\/ihemmali.com\\\/wp-content\\\/uploads\\\/2023\\\/10\\\/LOGO-IHEM.png\",\"contentUrl\":\"https:\\\/\\\/ihemmali.com\\\/wp-content\\\/uploads\\\/2023\\\/10\\\/LOGO-IHEM.png\",\"width\":200,\"height\":49,\"caption\":\"IHEM\"},\"image\":{\"@id\":\"https:\\\/\\\/ihemmali.com\\\/fr\\\/#\\\/schema\\\/logo\\\/image\\\/\"}}]}<\/script>\n<!-- \/ Yoast SEO plugin. -->","yoast_head_json":{"title":"About IHEM - IHEM","robots":{"index":"index","follow":"follow","max-snippet":"max-snippet:-1","max-image-preview":"max-image-preview:large","max-video-preview":"max-video-preview:-1"},"canonical":"https:\/\/ihemmali.com\/fr\/about\/","og_locale":"fr_FR","og_type":"article","og_title":"About IHEM - IHEM","og_description":"OUR STORY The Institute of Advanced Studies in Management (IHEM) was created in Bamako, by decree \u2116 01-0085\/ ME &#8211; SG, on January 24, 2001. This decree is part of the desire of the Malian State to in the face of the shortcomings of higher education, in particular through a policy of greater openness to [&hellip;]","og_url":"https:\/\/ihemmali.com\/fr\/about\/","og_site_name":"IHEM","article_modified_time":"2024-06-17T10:14:35+00:00","twitter_card":"summary_large_image","twitter_misc":{"Dur\u00e9e de lecture estim\u00e9e":"3 minutes"},"schema":{"@context":"https:\/\/schema.org","@graph":[{"@type":"WebPage","@id":"https:\/\/ihemmali.com\/about\/","url":"https:\/\/ihemmali.com\/about\/","name":"About IHEM - IHEM","isPartOf":{"@id":"https:\/\/ihemmali.com\/fr\/#website"},"datePublished":"2023-10-30T09:50:50+00:00","dateModified":"2024-06-17T10:14:35+00:00","breadcrumb":{"@id":"https:\/\/ihemmali.com\/about\/#breadcrumb"},"inLanguage":"fr-FR","potentialAction":[{"@type":"ReadAction","target":["https:\/\/ihemmali.com\/about\/"]}]},{"@type":"BreadcrumbList","@id":"https:\/\/ihemmali.com\/about\/#breadcrumb","itemListElement":[{"@type":"ListItem","position":1,"name":"Home","item":"https:\/\/ihemmali.com\/"},{"@type":"ListItem","position":2,"name":"About IHEM"}]},{"@type":"WebSite","@id":"https:\/\/ihemmali.com\/fr\/#website","url":"https:\/\/ihemmali.com\/fr\/","name":"IHEM","description":"","publisher":{"@id":"https:\/\/ihemmali.com\/fr\/#organization"},"potentialAction":[{"@type":"SearchAction","target":{"@type":"EntryPoint","urlTemplate":"https:\/\/ihemmali.com\/fr\/?s={search_term_string}"},"query-input":{"@type":"PropertyValueSpecification","valueRequired":true,"valueName":"search_term_string"}}],"inLanguage":"fr-FR"},{"@type":"Organization","@id":"https:\/\/ihemmali.com\/fr\/#organization","name":"IHEM","url":"https:\/\/ihemmali.com\/fr\/","logo":{"@type":"ImageObject","inLanguage":"fr-FR","@id":"https:\/\/ihemmali.com\/fr\/#\/schema\/logo\/image\/","url":"https:\/\/ihemmali.com\/wp-content\/uploads\/2023\/10\/LOGO-IHEM.png","contentUrl":"https:\/\/ihemmali.com\/wp-content\/uploads\/2023\/10\/LOGO-IHEM.png","width":200,"height":49,"caption":"IHEM"},"image":{"@id":"https:\/\/ihemmali.com\/fr\/#\/schema\/logo\/image\/"}}]}},"_links":{"self":[{"href":"https:\/\/ihemmali.com\/fr\/wp-json\/wp\/v2\/pages\/8","targetHints":{"allow":["GET"]}}],"collection":[{"href":"https:\/\/ihemmali.com\/fr\/wp-json\/wp\/v2\/pages"}],"about":[{"href":"https:\/\/ihemmali.com\/fr\/wp-json\/wp\/v2\/types\/page"}],"author":[{"embeddable":true,"href":"https:\/\/ihemmali.com\/fr\/wp-json\/wp\/v2\/users\/2"}],"replies":[{"embeddable":true,"href":"https:\/\/ihemmali.com\/fr\/wp-json\/wp\/v2\/comments?post=8"}],"version-history":[{"count":24,"href":"https:\/\/ihemmali.com\/fr\/wp-json\/wp\/v2\/pages\/8\/revisions"}],"predecessor-version":[{"id":1232,"href":"https:\/\/ihemmali.com\/fr\/wp-json\/wp\/v2\/pages\/8\/revisions\/1232"}],"wp:attachment":[{"href":"https:\/\/ihemmali.com\/fr\/wp-json\/wp\/v2\/media?parent=8"}],"curies":[{"name":"wp","href":"https:\/\/api.w.org\/{rel}","templated":true}]}}