{"id":32,"date":"2023-10-30T09:56:27","date_gmt":"2023-10-30T09:56:27","guid":{"rendered":"https:\/\/ihem.acewebgh.com\/?page_id=32"},"modified":"2024-06-17T10:15:49","modified_gmt":"2024-06-17T10:15:49","slug":"presidents-word","status":"publish","type":"page","link":"https:\/\/ihemmali.com\/fr\/presidents-word\/","title":{"rendered":"President&#8217;s Word"},"content":{"rendered":"<div data-elementor-type=\"wp-page\" data-elementor-id=\"32\" class=\"elementor elementor-32\" data-elementor-post-type=\"page\">\n\t\t\t\t<div class=\"elementor-element elementor-element-6874f19 e-flex e-con-boxed e-con e-parent\" data-id=\"6874f19\" data-element_type=\"container\" data-e-type=\"container\">\n\t\t\t\t\t<div class=\"e-con-inner\">\n\t\t\t\t<div class=\"elementor-element elementor-element-9390df4 elementor-invisible elementor-widget elementor-widget-heading\" data-id=\"9390df4\" data-element_type=\"widget\" data-e-type=\"widget\" data-settings=\"{&quot;_animation&quot;:&quot;fadeInUp&quot;}\" data-widget_type=\"heading.default\">\n\t\t\t\t<div class=\"elementor-widget-container\">\n\t\t\t\t\t<h2 class=\"elementor-heading-title elementor-size-default\">Message du Pr\u00e9sident<\/h2>\t\t\t\t<\/div>\n\t\t\t\t<\/div>\n\t\t\t\t<div class=\"elementor-element elementor-element-d1e4185 elementor-widget-divider--view-line elementor-widget elementor-widget-divider\" data-id=\"d1e4185\" data-element_type=\"widget\" data-e-type=\"widget\" data-widget_type=\"divider.default\">\n\t\t\t\t<div class=\"elementor-widget-container\">\n\t\t\t\t\t\t\t<div class=\"elementor-divider\">\n\t\t\t<span class=\"elementor-divider-separator\">\n\t\t\t\t\t\t<\/span>\n\t\t<\/div>\n\t\t\t\t\t\t<\/div>\n\t\t\t\t<\/div>\n\t\t\t\t<div class=\"elementor-element elementor-element-12e768a elementor-widget elementor-widget-text-editor\" data-id=\"12e768a\" data-element_type=\"widget\" data-e-type=\"widget\" data-widget_type=\"text-editor.default\">\n\t\t\t\t<div class=\"elementor-widget-container\">\n\t\t\t\t\t\t\t\t\t<p class=\"translation-block\">L\u2019omnipr\u00e9sence l\u2019Internet et du num\u00e9rique sont d\u00e9sormais une r\u00e9alit\u00e9 incontournable dans toutes les soci\u00e9t\u00e9s de par le monde, y compris celles, comme le Mali, o\u00f9 leur taux de p\u00e9n\u00e9tration reste encore relativement limit\u00e9. \u00ab Le web mondial, commente un sp\u00e9cialiste, est devenu le lieu o\u00f9 s\u2019exerce activement une nouvelle forme de citoyennet\u00e9 \u00bb.\nLes nouvelles technologies de l\u2019information et de la communication (NTIC) et leurs diverses applications ont fait exploser les limites de la diffusion de l\u2019information, donnant ainsi naissance \u00e0 la soci\u00e9t\u00e9 du savoir sans fronti\u00e8res. Pour paraphraser l\u2019\u00e9crivain anglo-saxon John Donne qui se demandait \u00ab pour qui sonne le glas \u00bb, et qui a conclu par \u00ab nul homme n\u2019est une \u00eele en soi \u00bb, on peut affirmer de m\u00eame que nulle soci\u00e9t\u00e9 n\u2019est d\u00e9sormais une \u00eele en soi.<br><br>\nL\u2019Institut des Hautes \u00c9tudes en Management (IHEM), qui peut se pr\u00e9valoir du slogan \u00ab formation sans fronti\u00e8res \u00bb, est obligatoirement partie prenante de la nouvelle donne fond\u00e9e sur la communion universelle du \u00ab rendez-vous du donner et du recevoir \u00bb, selon la formule pertinente du feu Pr\u00e9sident L\u00e9opold S\u00e9dar Senghor. Forts de cette conviction, les responsables de notre Institut estiment avoir le devoir de prendre part au brassage national, africain et mondial des id\u00e9es et des connaissances en cr\u00e9ant un site que nous avons d\u00e9cid\u00e9 d\u2019appeler \u00ab IHEM-AGORA \u00bb, une sorte d\u2019arbre \u00e0 palabre des temps modernes.\nEn prenant part \u00e0 cette exaltante aventure de l\u2019\u00e9change intellectuel avec nos partenaires et tous ceux qui ont soif d\u2019apprendre des autres et de partager leurs exp\u00e9riences, nous nous lan\u00e7ons le d\u00e9fi de donner une chance d\u2019exister \u00e0 nos projets, \u00e0 nos interrogations, \u00e0 nos esp\u00e9rances, \u00e0 nos r\u00eaves pour un meilleur devenir du Mali, de l\u2019Afrique et de l\u2019humanit\u00e9 toute enti\u00e8re, \u00e0 travers un espace de dialogue autour de toutes les pr\u00e9occupations existentielles contemporaines.<br><br>\nCe besoin de partage s\u2019accompagne bien s\u00fbr de notre ambition de toujours mieux faire conna\u00eetre notre Institut qui jouit d\u00e9j\u00e0 du label de premi\u00e8re \u00e9cole au Mali \u00ab Centre d\u2019excellence UEMOA \u00bb (UEMOA : Union \u00c9conomique et Mon\u00e9taire Ouest Africaine). L\u2019aspiration \u00e0 l\u2019excellence, qui a toujours \u00e9t\u00e9 au centre de toutes les initiatives de notre directoire, demeure notre source inalt\u00e9rable de fiert\u00e9. Nous sommes heureux d\u2019affirmer que notre recherche obsessionnelle de la qualit\u00e9 est largement partag\u00e9e par un encadrement acad\u00e9mique \u00e0 l\u2019expertise r\u00e9put\u00e9e et d\u2019une admirable ardeur dans le labeur, un effectif d\u2019apprenants compos\u00e9 de futurs jeunes cadres et de fonctionnaires ambitieux aux motivations sans cesse renouvel\u00e9es.\nSi brillantes que soient nos r\u00e9ussites, nous les devons aussi, dans une large mesure, au soutien constant de nos partenaires engag\u00e9s \u00e0 nos c\u00f4t\u00e9s, \u00e0 travers le monde, aussi bien en Europe qu\u2019au Canada, tous anim\u00e9s d\u2019une foi in\u00e9branlable en notre savoir-faire. <br><br>\nOuverte sur le monde, l\u2019IHEM-AGORA, s\u2019\u00e9vertuera \u00e0 offrir \u00e0 un public de tous horizons des informations aussi pertinentes que fiables, gage de notre cr\u00e9dibilit\u00e9 solidement \u00e9tablie au cours des deux d\u00e9cennies de notre existence. Notre site web constituera assur\u00e9ment ainsi une autre source d\u2019honneur et de fiert\u00e9.<\/p>\t\t\t\t\t\t\t\t<\/div>\n\t\t\t\t<\/div>\n\t\t\t\t<div class=\"elementor-element elementor-element-6aa14a0 elementor-widget elementor-widget-text-editor\" data-id=\"6aa14a0\" data-element_type=\"widget\" data-e-type=\"widget\" data-widget_type=\"text-editor.default\">\n\t\t\t\t<div class=\"elementor-widget-container\">\n\t\t\t\t\t\t\t\t\t<p class=\"translation-block\">Bienvenue sur IHEM-AGORA !<br>\nAbdoullah Coulibaly<br>\nIHEM<br>\nPr\u00e9sident Directeur G\u00e9n\u00e9ral<\/p>\t\t\t\t\t\t\t\t<\/div>\n\t\t\t\t<\/div>\n\t\t\t\t\t<\/div>\n\t\t\t\t<\/div>\n\t\t\t\t<\/div>","protected":false},"excerpt":{"rendered":"<p>Message From The President The omnipresence of the Internet and digital technology is now an unavoidable reality in all societies around the world, including those, like Mali, where their penetration rate still remains relatively limited.\u00a0\u201cThe global web,\u201d comments a specialist, \u201chas become the place where a new form of citizenship is actively exercised\u00a0. \u201dNew information [&hellip;]<\/p>\n","protected":false},"author":2,"featured_media":0,"parent":0,"menu_order":0,"comment_status":"closed","ping_status":"closed","template":"","meta":{"_acf_changed":false,"footnotes":""},"class_list":["post-32","page","type-page","status-publish","hentry"],"acf":[],"yoast_head":"<!-- This site is optimized with the Yoast SEO plugin v27.4 - https:\/\/yoast.com\/product\/yoast-seo-wordpress\/ -->\n<title>President&#039;s Word - IHEM<\/title>\n<meta name=\"robots\" content=\"index, follow, max-snippet:-1, max-image-preview:large, max-video-preview:-1\" \/>\n<link rel=\"canonical\" href=\"https:\/\/ihemmali.com\/fr\/presidents-word\/\" \/>\n<meta property=\"og:locale\" content=\"fr_FR\" \/>\n<meta property=\"og:type\" content=\"article\" \/>\n<meta property=\"og:title\" content=\"President&#039;s Word - IHEM\" \/>\n<meta property=\"og:description\" content=\"Message From The President The omnipresence of the Internet and digital technology is now an unavoidable reality in all societies around the world, including those, like Mali, where their penetration rate still remains relatively limited.\u00a0\u201cThe global web,\u201d comments a specialist, \u201chas become the place where a new form of citizenship is actively exercised\u00a0. \u201dNew information [&hellip;]\" \/>\n<meta property=\"og:url\" content=\"https:\/\/ihemmali.com\/fr\/presidents-word\/\" \/>\n<meta property=\"og:site_name\" content=\"IHEM\" \/>\n<meta property=\"article:modified_time\" content=\"2024-06-17T10:15:49+00:00\" \/>\n<meta name=\"twitter:card\" content=\"summary_large_image\" \/>\n<meta name=\"twitter:label1\" content=\"Dur\u00e9e de lecture estim\u00e9e\" \/>\n\t<meta name=\"twitter:data1\" content=\"2 minutes\" \/>\n<script type=\"application\/ld+json\" class=\"yoast-schema-graph\">{\"@context\":\"https:\\\/\\\/schema.org\",\"@graph\":[{\"@type\":\"WebPage\",\"@id\":\"https:\\\/\\\/ihemmali.com\\\/presidents-word\\\/\",\"url\":\"https:\\\/\\\/ihemmali.com\\\/presidents-word\\\/\",\"name\":\"President's Word - IHEM\",\"isPartOf\":{\"@id\":\"https:\\\/\\\/ihemmali.com\\\/fr\\\/#website\"},\"datePublished\":\"2023-10-30T09:56:27+00:00\",\"dateModified\":\"2024-06-17T10:15:49+00:00\",\"breadcrumb\":{\"@id\":\"https:\\\/\\\/ihemmali.com\\\/presidents-word\\\/#breadcrumb\"},\"inLanguage\":\"fr-FR\",\"potentialAction\":[{\"@type\":\"ReadAction\",\"target\":[\"https:\\\/\\\/ihemmali.com\\\/presidents-word\\\/\"]}]},{\"@type\":\"BreadcrumbList\",\"@id\":\"https:\\\/\\\/ihemmali.com\\\/presidents-word\\\/#breadcrumb\",\"itemListElement\":[{\"@type\":\"ListItem\",\"position\":1,\"name\":\"Home\",\"item\":\"https:\\\/\\\/ihemmali.com\\\/\"},{\"@type\":\"ListItem\",\"position\":2,\"name\":\"President&#8217;s Word\"}]},{\"@type\":\"WebSite\",\"@id\":\"https:\\\/\\\/ihemmali.com\\\/fr\\\/#website\",\"url\":\"https:\\\/\\\/ihemmali.com\\\/fr\\\/\",\"name\":\"IHEM\",\"description\":\"\",\"publisher\":{\"@id\":\"https:\\\/\\\/ihemmali.com\\\/fr\\\/#organization\"},\"potentialAction\":[{\"@type\":\"SearchAction\",\"target\":{\"@type\":\"EntryPoint\",\"urlTemplate\":\"https:\\\/\\\/ihemmali.com\\\/fr\\\/?s={search_term_string}\"},\"query-input\":{\"@type\":\"PropertyValueSpecification\",\"valueRequired\":true,\"valueName\":\"search_term_string\"}}],\"inLanguage\":\"fr-FR\"},{\"@type\":\"Organization\",\"@id\":\"https:\\\/\\\/ihemmali.com\\\/fr\\\/#organization\",\"name\":\"IHEM\",\"url\":\"https:\\\/\\\/ihemmali.com\\\/fr\\\/\",\"logo\":{\"@type\":\"ImageObject\",\"inLanguage\":\"fr-FR\",\"@id\":\"https:\\\/\\\/ihemmali.com\\\/fr\\\/#\\\/schema\\\/logo\\\/image\\\/\",\"url\":\"https:\\\/\\\/ihemmali.com\\\/wp-content\\\/uploads\\\/2023\\\/10\\\/LOGO-IHEM.png\",\"contentUrl\":\"https:\\\/\\\/ihemmali.com\\\/wp-content\\\/uploads\\\/2023\\\/10\\\/LOGO-IHEM.png\",\"width\":200,\"height\":49,\"caption\":\"IHEM\"},\"image\":{\"@id\":\"https:\\\/\\\/ihemmali.com\\\/fr\\\/#\\\/schema\\\/logo\\\/image\\\/\"}}]}<\/script>\n<!-- \/ Yoast SEO plugin. -->","yoast_head_json":{"title":"President's Word - IHEM","robots":{"index":"index","follow":"follow","max-snippet":"max-snippet:-1","max-image-preview":"max-image-preview:large","max-video-preview":"max-video-preview:-1"},"canonical":"https:\/\/ihemmali.com\/fr\/presidents-word\/","og_locale":"fr_FR","og_type":"article","og_title":"President's Word - IHEM","og_description":"Message From The President The omnipresence of the Internet and digital technology is now an unavoidable reality in all societies around the world, including those, like Mali, where their penetration rate still remains relatively limited.\u00a0\u201cThe global web,\u201d comments a specialist, \u201chas become the place where a new form of citizenship is actively exercised\u00a0. \u201dNew information [&hellip;]","og_url":"https:\/\/ihemmali.com\/fr\/presidents-word\/","og_site_name":"IHEM","article_modified_time":"2024-06-17T10:15:49+00:00","twitter_card":"summary_large_image","twitter_misc":{"Dur\u00e9e de lecture estim\u00e9e":"2 minutes"},"schema":{"@context":"https:\/\/schema.org","@graph":[{"@type":"WebPage","@id":"https:\/\/ihemmali.com\/presidents-word\/","url":"https:\/\/ihemmali.com\/presidents-word\/","name":"President's Word - IHEM","isPartOf":{"@id":"https:\/\/ihemmali.com\/fr\/#website"},"datePublished":"2023-10-30T09:56:27+00:00","dateModified":"2024-06-17T10:15:49+00:00","breadcrumb":{"@id":"https:\/\/ihemmali.com\/presidents-word\/#breadcrumb"},"inLanguage":"fr-FR","potentialAction":[{"@type":"ReadAction","target":["https:\/\/ihemmali.com\/presidents-word\/"]}]},{"@type":"BreadcrumbList","@id":"https:\/\/ihemmali.com\/presidents-word\/#breadcrumb","itemListElement":[{"@type":"ListItem","position":1,"name":"Home","item":"https:\/\/ihemmali.com\/"},{"@type":"ListItem","position":2,"name":"President&#8217;s Word"}]},{"@type":"WebSite","@id":"https:\/\/ihemmali.com\/fr\/#website","url":"https:\/\/ihemmali.com\/fr\/","name":"IHEM","description":"","publisher":{"@id":"https:\/\/ihemmali.com\/fr\/#organization"},"potentialAction":[{"@type":"SearchAction","target":{"@type":"EntryPoint","urlTemplate":"https:\/\/ihemmali.com\/fr\/?s={search_term_string}"},"query-input":{"@type":"PropertyValueSpecification","valueRequired":true,"valueName":"search_term_string"}}],"inLanguage":"fr-FR"},{"@type":"Organization","@id":"https:\/\/ihemmali.com\/fr\/#organization","name":"IHEM","url":"https:\/\/ihemmali.com\/fr\/","logo":{"@type":"ImageObject","inLanguage":"fr-FR","@id":"https:\/\/ihemmali.com\/fr\/#\/schema\/logo\/image\/","url":"https:\/\/ihemmali.com\/wp-content\/uploads\/2023\/10\/LOGO-IHEM.png","contentUrl":"https:\/\/ihemmali.com\/wp-content\/uploads\/2023\/10\/LOGO-IHEM.png","width":200,"height":49,"caption":"IHEM"},"image":{"@id":"https:\/\/ihemmali.com\/fr\/#\/schema\/logo\/image\/"}}]}},"_links":{"self":[{"href":"https:\/\/ihemmali.com\/fr\/wp-json\/wp\/v2\/pages\/32","targetHints":{"allow":["GET"]}}],"collection":[{"href":"https:\/\/ihemmali.com\/fr\/wp-json\/wp\/v2\/pages"}],"about":[{"href":"https:\/\/ihemmali.com\/fr\/wp-json\/wp\/v2\/types\/page"}],"author":[{"embeddable":true,"href":"https:\/\/ihemmali.com\/fr\/wp-json\/wp\/v2\/users\/2"}],"replies":[{"embeddable":true,"href":"https:\/\/ihemmali.com\/fr\/wp-json\/wp\/v2\/comments?post=32"}],"version-history":[{"count":7,"href":"https:\/\/ihemmali.com\/fr\/wp-json\/wp\/v2\/pages\/32\/revisions"}],"predecessor-version":[{"id":1210,"href":"https:\/\/ihemmali.com\/fr\/wp-json\/wp\/v2\/pages\/32\/revisions\/1210"}],"wp:attachment":[{"href":"https:\/\/ihemmali.com\/fr\/wp-json\/wp\/v2\/media?parent=32"}],"curies":[{"name":"wp","href":"https:\/\/api.w.org\/{rel}","templated":true}]}}