{"id":14,"date":"2023-10-30T09:52:38","date_gmt":"2023-10-30T09:52:38","guid":{"rendered":"https:\/\/ihem.acewebgh.com\/?page_id=14"},"modified":"2023-11-22T08:39:31","modified_gmt":"2023-11-22T08:39:31","slug":"entrepreneurship","status":"publish","type":"page","link":"https:\/\/ihemmali.com\/fr\/entrepreneurship\/","title":{"rendered":"Entrepreneuriat"},"content":{"rendered":"<div data-elementor-type=\"wp-page\" data-elementor-id=\"14\" class=\"elementor elementor-14\" data-elementor-post-type=\"page\">\n\t\t\t\t<div class=\"elementor-element elementor-element-d477259 e-flex e-con-boxed e-con e-parent\" data-id=\"d477259\" data-element_type=\"container\" data-e-type=\"container\">\n\t\t\t\t\t<div class=\"e-con-inner\">\n\t\t<div class=\"elementor-element elementor-element-4fa3c6e e-flex e-con-boxed e-con e-child\" data-id=\"4fa3c6e\" data-element_type=\"container\" data-e-type=\"container\">\n\t\t\t\t\t<div class=\"e-con-inner\">\n\t\t\t\t<div class=\"elementor-element elementor-element-1ecbcaa elementor-widget elementor-widget-heading\" data-id=\"1ecbcaa\" data-element_type=\"widget\" data-e-type=\"widget\" data-widget_type=\"heading.default\">\n\t\t\t\t<div class=\"elementor-widget-container\">\n\t\t\t\t\t<h2 class=\"elementor-heading-title elementor-size-default\">Junior-Entreprise<\/h2>\t\t\t\t<\/div>\n\t\t\t\t<\/div>\n\t\t\t\t<div class=\"elementor-element elementor-element-65b879f elementor-widget-divider--view-line elementor-widget elementor-widget-divider\" data-id=\"65b879f\" data-element_type=\"widget\" data-e-type=\"widget\" data-widget_type=\"divider.default\">\n\t\t\t\t<div class=\"elementor-widget-container\">\n\t\t\t\t\t\t\t<div class=\"elementor-divider\">\n\t\t\t<span class=\"elementor-divider-separator\">\n\t\t\t\t\t\t<\/span>\n\t\t<\/div>\n\t\t\t\t\t\t<\/div>\n\t\t\t\t<\/div>\n\t\t\t\t<div class=\"elementor-element elementor-element-aefed10 elementor-widget elementor-widget-text-editor\" data-id=\"aefed10\" data-element_type=\"widget\" data-e-type=\"widget\" data-widget_type=\"text-editor.default\">\n\t\t\t\t<div class=\"elementor-widget-container\">\n\t\t\t\t\t\t\t\t\t<p class=\"translation-block\">L\u2019IHEM et le Forum de Bamako partagent des liens tr\u00e8s forts et ceci puisqu\u2019ils sont tous deux dirig\u00e9s par Abdallah Coulibaly. Cet \u00e9l\u00e9ment est tr\u00e8s insuffisant pour qualifier les synergies multiples et profondes entre l\u2019IHEM et le Forum de Bamako. <br>\nL\u2019IHEM et le Forum font partie d\u2019un ensemble indissociable dont nous avons le devoir de vous pr\u00e9senter.\nMr Coulibaly a cherch\u00e9 \u00e0 cr\u00e9er un \u00e9cosyst\u00e8me unique en son genre au Mali. La cr\u00e9ation d\u2019une \u00e9cole de commerce \u00e9tait d\u00e9j\u00e0 un chalenge important \u00e0 relever, mais n\u2019\u00e9tait pas suffisante. Il fallait une initiative africaine originale hors des cadres conventionnels et institutionnels qui permettent sous le signe de la libert\u00e9 de parole, de la convivialit\u00e9 et du haut niveau de d\u00e9bats des rencontres entre chefs d\u2019entreprise, hommes et femmes politiques, d\u00e9cideurs publics, universitaires, experts, repr\u00e9sentants de la soci\u00e9t\u00e9 civile et des m\u00e9dias, du continent africain et des autres continents.<br><br>\nLe Forum de Bamako a donc \u00e9t\u00e9 cr\u00e9\u00e9 en ce sens pour favoriser le m\u00e9tissage de connaissances et le partage des savoirs dans une approche participative qui suscite chaque ann\u00e9e (courant du mois de f\u00e9vrier) un int\u00e9r\u00eat grandissant. Pour preuve, le Forum de Bamako conna\u00eet une long\u00e9vit\u00e9 qui lui a permis de f\u00eater en 2018 ses 18 ans d\u2019existence. Depuis plusieurs ann\u00e9es, le Forum de Bamako suscite une forte mobilisation des grands m\u00e9dias internationaux, notamment par l\u2019organisation \u00e0 chaque \u00e9dition de rendez-vous t\u00e9l\u00e9vis\u00e9s et d\u2019\u00e9missions de radio. Un grand d\u00e9bat, diffus\u00e9 par les t\u00e9l\u00e9visions africaines, a \u00e9t\u00e9 mis en \u0153uvre depuis plusieurs ann\u00e9es conjointement par Canal France International (CFI) et Radio France Internationale (RFI), avec le concours de l\u2019Office de la radiot\u00e9l\u00e9vision malienne (ORTM), etc.<br><br>\nAccompagn\u00e9 et soutenu par de nombreux partenaires publics et priv\u00e9s, le Forum de Bamako publie \u00e0 chacune de ses \u00e9ditions un m\u00e9morandum remis au Pr\u00e9sident de la R\u00e9publique du Mali. Ce document, ainsi que les contributions produites dans le cadre du Forum, sont des outils d\u2019analyse, de r\u00e9flexion et de proposition destin\u00e9s aux d\u00e9cideurs et organisations impliqu\u00e9s dans les questions de d\u00e9veloppement en Afrique. Par ailleurs les travaux du Forum de Bamako, ainsi que les r\u00e9flexions g\u00e9n\u00e9r\u00e9es par la Fondation Forum de Bamako sont mis \u00e0 la disposition du plus large public par divers canaux : internet, articles de presse, compte-rendu et d\u00e9bats radiodiffus\u00e9s et t\u00e9l\u00e9vis\u00e9s, publications.\nLa formation de futures \u00e9lites maliennes, africaines est une premi\u00e8re \u00e9tape qui vient s\u2019int\u00e9grer parfaitement avec le Forum de Bamako pour orienter les r\u00e9flexions et actions n\u00e9cessaires au d\u00e9veloppement \u00e0 venir de l\u2019Afrique. Le forum jouit d\u2019une notori\u00e9t\u00e9 qui s\u2019est construite au fil des ann\u00e9es, la presse nomme d\u00e9sormais le Forum le petit \u2018\u2019Davos de l\u2019Afrique\u2019\u2019. Sans pr\u00e9tention aucune, les \u00e9quipes de l\u2019IHEM participant, b\u00e9n\u00e9volement, au Forum ou bien les \u00e9quipes de la fondation du Forum de Bamako \u00e0 qui incombe la charge de l\u2019organisation de cet \u00e9v\u00e8nement sont fi\u00e8res des r\u00e9sultats de cette synergie IHEM\/Forum de Bamako.<\/p>\t\t\t\t\t\t\t\t<\/div>\n\t\t\t\t<\/div>\n\t\t\t\t\t<\/div>\n\t\t\t\t<\/div>\n\t\t<div class=\"elementor-element elementor-element-345caae e-flex e-con-boxed e-con e-child\" data-id=\"345caae\" data-element_type=\"container\" data-e-type=\"container\">\n\t\t\t\t\t<div class=\"e-con-inner\">\n\t\t\t\t<div class=\"elementor-element elementor-element-7bfed6a elementor-widget elementor-widget-heading\" data-id=\"7bfed6a\" data-element_type=\"widget\" data-e-type=\"widget\" data-widget_type=\"heading.default\">\n\t\t\t\t<div class=\"elementor-widget-container\">\n\t\t\t\t\t<h2 class=\"elementor-heading-title elementor-size-default\">OBJECTIF PEDAGOGIQUE<\/h2>\t\t\t\t<\/div>\n\t\t\t\t<\/div>\n\t\t\t\t<div class=\"elementor-element elementor-element-d92c792 elementor-widget-divider--view-line elementor-widget elementor-widget-divider\" data-id=\"d92c792\" data-element_type=\"widget\" data-e-type=\"widget\" data-widget_type=\"divider.default\">\n\t\t\t\t<div class=\"elementor-widget-container\">\n\t\t\t\t\t\t\t<div class=\"elementor-divider\">\n\t\t\t<span class=\"elementor-divider-separator\">\n\t\t\t\t\t\t<\/span>\n\t\t<\/div>\n\t\t\t\t\t\t<\/div>\n\t\t\t\t<\/div>\n\t\t<div class=\"elementor-element elementor-element-5f268bd e-con-full e-flex e-con e-child\" data-id=\"5f268bd\" data-element_type=\"container\" data-e-type=\"container\">\n\t\t\t\t<div class=\"elementor-element elementor-element-4585870 elementor-widget__width-initial elementor-view-default elementor-position-block-start elementor-mobile-position-block-start elementor-widget elementor-widget-icon-box\" data-id=\"4585870\" data-element_type=\"widget\" data-e-type=\"widget\" data-widget_type=\"icon-box.default\">\n\t\t\t\t<div class=\"elementor-widget-container\">\n\t\t\t\t\t\t\t<div class=\"elementor-icon-box-wrapper\">\n\n\t\t\t\t\t\t<div class=\"elementor-icon-box-icon\">\n\t\t\t\t<span  class=\"elementor-icon\">\n\t\t\t\t<svg aria-hidden=\"true\" class=\"e-font-icon-svg e-fas-graduation-cap\" viewbox=\"0 0 640 512\" xmlns=\"http:\/\/www.w3.org\/2000\/svg\"><path d=\"M622.34 153.2L343.4 67.5c-15.2-4.67-31.6-4.67-46.79 0L17.66 153.2c-23.54 7.23-23.54 38.36 0 45.59l48.63 14.94c-10.67 13.19-17.23 29.28-17.88 46.9C38.78 266.15 32 276.11 32 288c0 10.78 5.68 19.85 13.86 25.65L20.33 428.53C18.11 438.52 25.71 448 35.94 448h56.11c10.24 0 17.84-9.48 15.62-19.47L82.14 313.65C90.32 307.85 96 298.78 96 288c0-11.57-6.47-21.25-15.66-26.87.76-15.02 8.44-28.3 20.69-36.72L296.6 284.5c9.06 2.78 26.44 6.25 46.79 0l278.95-85.7c23.55-7.24 23.55-38.36 0-45.6zM352.79 315.09c-28.53 8.76-52.84 3.92-65.59 0l-145.02-44.55L128 384c0 35.35 85.96 64 192 64s192-28.65 192-64l-14.18-113.47-145.03 44.56z\"><\/path><\/svg>\t\t\t\t<\/span>\n\t\t\t<\/div>\n\t\t\t\n\t\t\t\t\t\t<div class=\"elementor-icon-box-content\">\n\n\t\t\t\t\t\t\t\t\t<h3 class=\"elementor-icon-box-title\">\n\t\t\t\t\t\t<span  >\n\t\t\t\t\t\t\tUn outil p\u00e9dagogique puissant<br><br>\t\t\t\t\t\t<\/span>\n\t\t\t\t\t<\/h3>\n\t\t\t\t\n\t\t\t\t\t\t\t\t\t<p class=\"elementor-icon-box-description\">\n\t\t\t\t\t\tUne junior entreprise est un v\u00e9ritable outil p\u00e9dagogique puisque, chaque ann\u00e9e, les juniors-entrepreneurs sont form\u00e9s et d\u00e9veloppent de nouvelles comp\u00e9tences. Les juniors-entrepreneurs sont \u00e9galement un apport non n\u00e9gligeable pour l\u2019\u00e9tablissement puisqu\u2019ils peuvent \u00eatre une source d\u2019apport au contact des m\u00e9thodes et outils de leurs clients.\nL\u2019\u00e9tudiant est mis dans une situation de mise en pratique r\u00e9elle et s\u2019initie \u00e0 diff\u00e9rentes disciplines telles que le management, la relation client, l\u2019audit, le pilotage ou encore la gestion de projet (liste non exhaustive). L\u2019\u00e9tudiant acquiert \u00e9galement des savoir-faire plus commun\u00e9ment appel\u00e9s \u00ab soft skills \u00bb tels que la cr\u00e9ativit\u00e9 ou encore la rigueur. En d\u2019autres termes, les \u00e9tudiants se construisent et s\u2019essayent au d\u00e9veloppement du sens commercial, la construction d\u2019un r\u00e9seau professionnel, etc.\t\t\t\t\t<\/p>\n\t\t\t\t\n\t\t\t<\/div>\n\t\t\t\n\t\t<\/div>\n\t\t\t\t\t\t<\/div>\n\t\t\t\t<\/div>\n\t\t\t\t<div class=\"elementor-element elementor-element-4735536 elementor-widget__width-initial elementor-view-default elementor-position-block-start elementor-mobile-position-block-start elementor-widget elementor-widget-icon-box\" data-id=\"4735536\" data-element_type=\"widget\" data-e-type=\"widget\" data-widget_type=\"icon-box.default\">\n\t\t\t\t<div class=\"elementor-widget-container\">\n\t\t\t\t\t\t\t<div class=\"elementor-icon-box-wrapper\">\n\n\t\t\t\t\t\t<div class=\"elementor-icon-box-icon\">\n\t\t\t\t<span  class=\"elementor-icon\">\n\t\t\t\t<svg aria-hidden=\"true\" class=\"e-font-icon-svg e-fas-briefcase\" viewbox=\"0 0 512 512\" xmlns=\"http:\/\/www.w3.org\/2000\/svg\"><path d=\"M320 336c0 8.84-7.16 16-16 16h-96c-8.84 0-16-7.16-16-16v-48H0v144c0 25.6 22.4 48 48 48h416c25.6 0 48-22.4 48-48V288H320v48zm144-208h-80V80c0-25.6-22.4-48-48-48H176c-25.6 0-48 22.4-48 48v48H48c-25.6 0-48 22.4-48 48v80h512v-80c0-25.6-22.4-48-48-48zm-144 0H192V96h128v32z\"><\/path><\/svg>\t\t\t\t<\/span>\n\t\t\t<\/div>\n\t\t\t\n\t\t\t\t\t\t<div class=\"elementor-icon-box-content\">\n\n\t\t\t\t\t\t\t\t\t<h3 class=\"elementor-icon-box-title\">\n\t\t\t\t\t\t<span  >\n\t\t\t\t\t\t\tFavoriser l\u2019insertion professionnelle des \u00e9tudiants\t\t\t\t\t\t<\/span>\n\t\t\t\t\t<\/h3>\n\t\t\t\t\n\t\t\t\t\t\t\t\t\t<p class=\"elementor-icon-box-description\">\n\t\t\t\t\t\tLes Junior-Entreprises repr\u00e9sentent de v\u00e9ritables passerelles entre l\u2019\u00e9cole et l\u2019entreprise. Ces structures \u00e9tudiantes repr\u00e9sentent l\u2019arme ultime contre la crise \u00e9conomique et les probl\u00e8mes d\u2019insertion professionnels des jeunes. La presse g\u00e9n\u00e9raliste rapporte m\u00eame que les juniors entreprises ne connaissent pas la crise avec une croissance annuelle du CA de 14,5 %1.\nC\u2019est un fait, les entreprises appr\u00e9cient la mention junior-entrepreneur sur un C.V. C\u2019est en effet la garantie d\u2019un profil complet, form\u00e9 au management d\u2019\u00e9quipe, etc. Pour les entreprises, tous ces \u00e9l\u00e9ments sont des gages d\u2019une future int\u00e9gration r\u00e9ussie de ces jeunes profils dans leurs entreprises. Le client ne voit pas les \u00e9tudiants comme de simples \u00e9tudiants. Les \u00e9tudiants sont consid\u00e9r\u00e9s comme des collaborateurs, des consultants. Cette configuration repr\u00e9sente une dynamique hautement formatrice.\t\t\t\t\t<\/p>\n\t\t\t\t\n\t\t\t<\/div>\n\t\t\t\n\t\t<\/div>\n\t\t\t\t\t\t<\/div>\n\t\t\t\t<\/div>\n\t\t\t\t<\/div>\n\t\t\t\t\t<\/div>\n\t\t\t\t<\/div>\n\t\t\t\t\t<\/div>\n\t\t\t\t<\/div>\n\t\t\t\t<\/div>","protected":false},"excerpt":{"rendered":"<p>Junior Business The IHEM and the Bamako Forum share very strong links since they are both headed by Abdallah Coulibaly.\u00a0This element is very insufficient to qualify the multiple and deep synergies between the IHEM and the Bamako Forum.\u00a0The IHEM and the Forum are part of an inseparable whole which we have the duty to present [&hellip;]<\/p>\n","protected":false},"author":2,"featured_media":0,"parent":0,"menu_order":0,"comment_status":"closed","ping_status":"closed","template":"","meta":{"_acf_changed":false,"footnotes":""},"class_list":["post-14","page","type-page","status-publish","hentry"],"acf":[],"yoast_head":"<!-- This site is optimized with the Yoast SEO plugin v27.4 - https:\/\/yoast.com\/product\/yoast-seo-wordpress\/ -->\n<title>Entrepreneurship - IHEM<\/title>\n<meta name=\"robots\" content=\"index, follow, max-snippet:-1, max-image-preview:large, max-video-preview:-1\" \/>\n<link rel=\"canonical\" href=\"https:\/\/ihemmali.com\/fr\/entrepreneurship\/\" \/>\n<meta property=\"og:locale\" content=\"fr_FR\" \/>\n<meta property=\"og:type\" content=\"article\" \/>\n<meta property=\"og:title\" content=\"Entrepreneurship - IHEM\" \/>\n<meta property=\"og:description\" content=\"Junior Business The IHEM and the Bamako Forum share very strong links since they are both headed by Abdallah Coulibaly.\u00a0This element is very insufficient to qualify the multiple and deep synergies between the IHEM and the Bamako Forum.\u00a0The IHEM and the Forum are part of an inseparable whole which we have the duty to present [&hellip;]\" \/>\n<meta property=\"og:url\" content=\"https:\/\/ihemmali.com\/fr\/entrepreneurship\/\" \/>\n<meta property=\"og:site_name\" content=\"IHEM\" \/>\n<meta property=\"article:modified_time\" content=\"2023-11-22T08:39:31+00:00\" \/>\n<meta name=\"twitter:card\" content=\"summary_large_image\" \/>\n<meta name=\"twitter:label1\" content=\"Dur\u00e9e de lecture estim\u00e9e\" \/>\n\t<meta name=\"twitter:data1\" content=\"3 minutes\" \/>\n<script type=\"application\/ld+json\" class=\"yoast-schema-graph\">{\"@context\":\"https:\\\/\\\/schema.org\",\"@graph\":[{\"@type\":\"WebPage\",\"@id\":\"https:\\\/\\\/ihemmali.com\\\/entrepreneurship\\\/\",\"url\":\"https:\\\/\\\/ihemmali.com\\\/entrepreneurship\\\/\",\"name\":\"Entrepreneurship - IHEM\",\"isPartOf\":{\"@id\":\"https:\\\/\\\/ihemmali.com\\\/fr\\\/#website\"},\"datePublished\":\"2023-10-30T09:52:38+00:00\",\"dateModified\":\"2023-11-22T08:39:31+00:00\",\"breadcrumb\":{\"@id\":\"https:\\\/\\\/ihemmali.com\\\/entrepreneurship\\\/#breadcrumb\"},\"inLanguage\":\"fr-FR\",\"potentialAction\":[{\"@type\":\"ReadAction\",\"target\":[\"https:\\\/\\\/ihemmali.com\\\/entrepreneurship\\\/\"]}]},{\"@type\":\"BreadcrumbList\",\"@id\":\"https:\\\/\\\/ihemmali.com\\\/entrepreneurship\\\/#breadcrumb\",\"itemListElement\":[{\"@type\":\"ListItem\",\"position\":1,\"name\":\"Home\",\"item\":\"https:\\\/\\\/ihemmali.com\\\/\"},{\"@type\":\"ListItem\",\"position\":2,\"name\":\"Entrepreneurship\"}]},{\"@type\":\"WebSite\",\"@id\":\"https:\\\/\\\/ihemmali.com\\\/fr\\\/#website\",\"url\":\"https:\\\/\\\/ihemmali.com\\\/fr\\\/\",\"name\":\"IHEM\",\"description\":\"\",\"publisher\":{\"@id\":\"https:\\\/\\\/ihemmali.com\\\/fr\\\/#organization\"},\"potentialAction\":[{\"@type\":\"SearchAction\",\"target\":{\"@type\":\"EntryPoint\",\"urlTemplate\":\"https:\\\/\\\/ihemmali.com\\\/fr\\\/?s={search_term_string}\"},\"query-input\":{\"@type\":\"PropertyValueSpecification\",\"valueRequired\":true,\"valueName\":\"search_term_string\"}}],\"inLanguage\":\"fr-FR\"},{\"@type\":\"Organization\",\"@id\":\"https:\\\/\\\/ihemmali.com\\\/fr\\\/#organization\",\"name\":\"IHEM\",\"url\":\"https:\\\/\\\/ihemmali.com\\\/fr\\\/\",\"logo\":{\"@type\":\"ImageObject\",\"inLanguage\":\"fr-FR\",\"@id\":\"https:\\\/\\\/ihemmali.com\\\/fr\\\/#\\\/schema\\\/logo\\\/image\\\/\",\"url\":\"https:\\\/\\\/ihemmali.com\\\/wp-content\\\/uploads\\\/2023\\\/10\\\/LOGO-IHEM.png\",\"contentUrl\":\"https:\\\/\\\/ihemmali.com\\\/wp-content\\\/uploads\\\/2023\\\/10\\\/LOGO-IHEM.png\",\"width\":200,\"height\":49,\"caption\":\"IHEM\"},\"image\":{\"@id\":\"https:\\\/\\\/ihemmali.com\\\/fr\\\/#\\\/schema\\\/logo\\\/image\\\/\"}}]}<\/script>\n<!-- \/ Yoast SEO plugin. -->","yoast_head_json":{"title":"Entrepreneurship - IHEM","robots":{"index":"index","follow":"follow","max-snippet":"max-snippet:-1","max-image-preview":"max-image-preview:large","max-video-preview":"max-video-preview:-1"},"canonical":"https:\/\/ihemmali.com\/fr\/entrepreneurship\/","og_locale":"fr_FR","og_type":"article","og_title":"Entrepreneurship - IHEM","og_description":"Junior Business The IHEM and the Bamako Forum share very strong links since they are both headed by Abdallah Coulibaly.\u00a0This element is very insufficient to qualify the multiple and deep synergies between the IHEM and the Bamako Forum.\u00a0The IHEM and the Forum are part of an inseparable whole which we have the duty to present [&hellip;]","og_url":"https:\/\/ihemmali.com\/fr\/entrepreneurship\/","og_site_name":"IHEM","article_modified_time":"2023-11-22T08:39:31+00:00","twitter_card":"summary_large_image","twitter_misc":{"Dur\u00e9e de lecture estim\u00e9e":"3 minutes"},"schema":{"@context":"https:\/\/schema.org","@graph":[{"@type":"WebPage","@id":"https:\/\/ihemmali.com\/entrepreneurship\/","url":"https:\/\/ihemmali.com\/entrepreneurship\/","name":"Entrepreneurship - IHEM","isPartOf":{"@id":"https:\/\/ihemmali.com\/fr\/#website"},"datePublished":"2023-10-30T09:52:38+00:00","dateModified":"2023-11-22T08:39:31+00:00","breadcrumb":{"@id":"https:\/\/ihemmali.com\/entrepreneurship\/#breadcrumb"},"inLanguage":"fr-FR","potentialAction":[{"@type":"ReadAction","target":["https:\/\/ihemmali.com\/entrepreneurship\/"]}]},{"@type":"BreadcrumbList","@id":"https:\/\/ihemmali.com\/entrepreneurship\/#breadcrumb","itemListElement":[{"@type":"ListItem","position":1,"name":"Home","item":"https:\/\/ihemmali.com\/"},{"@type":"ListItem","position":2,"name":"Entrepreneurship"}]},{"@type":"WebSite","@id":"https:\/\/ihemmali.com\/fr\/#website","url":"https:\/\/ihemmali.com\/fr\/","name":"IHEM","description":"","publisher":{"@id":"https:\/\/ihemmali.com\/fr\/#organization"},"potentialAction":[{"@type":"SearchAction","target":{"@type":"EntryPoint","urlTemplate":"https:\/\/ihemmali.com\/fr\/?s={search_term_string}"},"query-input":{"@type":"PropertyValueSpecification","valueRequired":true,"valueName":"search_term_string"}}],"inLanguage":"fr-FR"},{"@type":"Organization","@id":"https:\/\/ihemmali.com\/fr\/#organization","name":"IHEM","url":"https:\/\/ihemmali.com\/fr\/","logo":{"@type":"ImageObject","inLanguage":"fr-FR","@id":"https:\/\/ihemmali.com\/fr\/#\/schema\/logo\/image\/","url":"https:\/\/ihemmali.com\/wp-content\/uploads\/2023\/10\/LOGO-IHEM.png","contentUrl":"https:\/\/ihemmali.com\/wp-content\/uploads\/2023\/10\/LOGO-IHEM.png","width":200,"height":49,"caption":"IHEM"},"image":{"@id":"https:\/\/ihemmali.com\/fr\/#\/schema\/logo\/image\/"}}]}},"_links":{"self":[{"href":"https:\/\/ihemmali.com\/fr\/wp-json\/wp\/v2\/pages\/14","targetHints":{"allow":["GET"]}}],"collection":[{"href":"https:\/\/ihemmali.com\/fr\/wp-json\/wp\/v2\/pages"}],"about":[{"href":"https:\/\/ihemmali.com\/fr\/wp-json\/wp\/v2\/types\/page"}],"author":[{"embeddable":true,"href":"https:\/\/ihemmali.com\/fr\/wp-json\/wp\/v2\/users\/2"}],"replies":[{"embeddable":true,"href":"https:\/\/ihemmali.com\/fr\/wp-json\/wp\/v2\/comments?post=14"}],"version-history":[{"count":14,"href":"https:\/\/ihemmali.com\/fr\/wp-json\/wp\/v2\/pages\/14\/revisions"}],"predecessor-version":[{"id":593,"href":"https:\/\/ihemmali.com\/fr\/wp-json\/wp\/v2\/pages\/14\/revisions\/593"}],"wp:attachment":[{"href":"https:\/\/ihemmali.com\/fr\/wp-json\/wp\/v2\/media?parent=14"}],"curies":[{"name":"wp","href":"https:\/\/api.w.org\/{rel}","templated":true}]}}