{"id":1120,"date":"2024-02-12T13:11:42","date_gmt":"2024-02-12T13:11:42","guid":{"rendered":"https:\/\/ihem.acewebgh.com\/?page_id=1120"},"modified":"2024-02-12T13:30:55","modified_gmt":"2024-02-12T13:30:55","slug":"actualites","status":"publish","type":"page","link":"https:\/\/ihemmali.com\/fr\/actualites\/","title":{"rendered":"Actualit\u00e9s"},"content":{"rendered":"<div data-elementor-type=\"wp-page\" data-elementor-id=\"1120\" class=\"elementor elementor-1120\" data-elementor-post-type=\"page\">\n\t\t\t\t<div class=\"elementor-element elementor-element-c0c78e0 e-flex e-con-boxed e-con e-parent\" data-id=\"c0c78e0\" data-element_type=\"container\" data-e-type=\"container\">\n\t\t\t\t\t<div class=\"e-con-inner\">\n\t\t\t\t<div class=\"elementor-element elementor-element-5968665 elementor-grid-tablet-3 elementor-grid-3 elementor-grid-mobile-1 elementor-posts--thumbnail-top elementor-card-shadow-yes elementor-posts__hover-gradient elementor-widget elementor-widget-posts\" data-id=\"5968665\" data-element_type=\"widget\" data-e-type=\"widget\" data-settings=\"{&quot;cards_columns_tablet&quot;:&quot;3&quot;,&quot;cards_row_gap&quot;:{&quot;unit&quot;:&quot;px&quot;,&quot;size&quot;:10,&quot;sizes&quot;:[]},&quot;pagination_type&quot;:&quot;numbers&quot;,&quot;cards_columns&quot;:&quot;3&quot;,&quot;cards_columns_mobile&quot;:&quot;1&quot;,&quot;cards_row_gap_laptop&quot;:{&quot;unit&quot;:&quot;px&quot;,&quot;size&quot;:&quot;&quot;,&quot;sizes&quot;:[]},&quot;cards_row_gap_tablet_extra&quot;:{&quot;unit&quot;:&quot;px&quot;,&quot;size&quot;:&quot;&quot;,&quot;sizes&quot;:[]},&quot;cards_row_gap_tablet&quot;:{&quot;unit&quot;:&quot;px&quot;,&quot;size&quot;:&quot;&quot;,&quot;sizes&quot;:[]},&quot;cards_row_gap_mobile&quot;:{&quot;unit&quot;:&quot;px&quot;,&quot;size&quot;:&quot;&quot;,&quot;sizes&quot;:[]}}\" data-widget_type=\"posts.cards\">\n\t\t\t\t<div class=\"elementor-widget-container\">\n\t\t\t\t\t\t\t<div class=\"elementor-posts-container elementor-posts elementor-posts--skin-cards elementor-grid\" role=\"list\">\n\t\t\t\t<article class=\"elementor-post elementor-grid-item post-1336 post type-post status-publish format-standard has-post-thumbnail hentry category-evenements\" role=\"listitem\">\n\t\t\t<div class=\"elementor-post__card\">\n\t\t\t\t<a class=\"elementor-post__thumbnail__link\" href=\"https:\/\/ihemmali.com\/fr\/ceremonie-de-remise-des-diplomes-2025-discours-interview\/\" tabindex=\"-1\" ><div class=\"elementor-post__thumbnail\"><img fetchpriority=\"high\" decoding=\"async\" width=\"768\" height=\"368\" src=\"https:\/\/ihemmali.com\/wp-content\/uploads\/2025\/10\/Groupe3-768x368.jpg\" class=\"attachment-medium_large size-medium_large wp-image-1338\" alt=\"\" srcset=\"https:\/\/ihemmali.com\/wp-content\/uploads\/2025\/10\/Groupe3-768x368.jpg 768w, https:\/\/ihemmali.com\/wp-content\/uploads\/2025\/10\/Groupe3-300x144.jpg 300w, https:\/\/ihemmali.com\/wp-content\/uploads\/2025\/10\/Groupe3-1024x491.jpg 1024w, https:\/\/ihemmali.com\/wp-content\/uploads\/2025\/10\/Groupe3-18x9.jpg 18w, https:\/\/ihemmali.com\/wp-content\/uploads\/2025\/10\/Groupe3.jpg 1483w\" sizes=\"(max-width: 768px) 100vw, 768px\" \/><\/div><\/a>\n\t\t\t\t<div class=\"elementor-post__badge\">\u00c9v\u00e8nements<\/div>\n\t\t\t\t<div class=\"elementor-post__text\">\n\t\t\t\t<h3 class=\"elementor-post__title\">\n\t\t\t<a href=\"https:\/\/ihemmali.com\/fr\/ceremonie-de-remise-des-diplomes-2025-discours-interview\/\" >\n\t\t\t\tC\u00e9r\u00e9monie de Remise des Dipl\u00f4mes 2025 Discours &#038; Interview\t\t\t<\/a>\n\t\t<\/h3>\n\t\t\t\t<div class=\"elementor-post__excerpt\">\n\t\t\t<p>Discours du Pr\u00e9sident de l&#8217;institut des Hautes \u00e9tudes en Management https:\/\/ihemmali.com\/wp-content\/uploads\/2025\/10\/discours-president-info-1.mp4<\/p>\n\t\t<\/div>\n\t\t\t\t\t<div class=\"elementor-post__read-more-wrapper\">\n\t\t\n\t\t<a class=\"elementor-post__read-more\" href=\"https:\/\/ihemmali.com\/fr\/ceremonie-de-remise-des-diplomes-2025-discours-interview\/\" aria-label=\"Read more about C\u00e9r\u00e9monie de Remise des Dipl\u00f4mes 2025 Discours &#038; Interview\" tabindex=\"-1\" >\n\t\t\tLire Plus\t\t<\/a>\n\n\t\t\t\t\t<\/div>\n\t\t\t\t<\/div>\n\t\t\t\t<div class=\"elementor-post__meta-data\">\n\t\t\t\t\t<span class=\"elementor-post-date\">\n\t\t\toctobre 10, 2025\t\t<\/span>\n\t\t\t\t<\/div>\n\t\t\t\t\t<\/div>\n\t\t<\/article>\n\t\t\t\t<article class=\"elementor-post elementor-grid-item post-1304 post type-post status-publish format-standard has-post-thumbnail hentry category-evenements\" role=\"listitem\">\n\t\t\t<div class=\"elementor-post__card\">\n\t\t\t\t<a class=\"elementor-post__thumbnail__link\" href=\"https:\/\/ihemmali.com\/fr\/graduation-ihem-mali-2025\/\" tabindex=\"-1\" ><div class=\"elementor-post__thumbnail\"><img decoding=\"async\" width=\"768\" height=\"512\" src=\"https:\/\/ihemmali.com\/wp-content\/uploads\/2025\/10\/557788167_10230570846634467_7736127572729864152_n-768x512.jpg\" class=\"attachment-medium_large size-medium_large wp-image-1305\" alt=\"\" srcset=\"https:\/\/ihemmali.com\/wp-content\/uploads\/2025\/10\/557788167_10230570846634467_7736127572729864152_n-768x512.jpg 768w, https:\/\/ihemmali.com\/wp-content\/uploads\/2025\/10\/557788167_10230570846634467_7736127572729864152_n-300x200.jpg 300w, https:\/\/ihemmali.com\/wp-content\/uploads\/2025\/10\/557788167_10230570846634467_7736127572729864152_n-1024x683.jpg 1024w, https:\/\/ihemmali.com\/wp-content\/uploads\/2025\/10\/557788167_10230570846634467_7736127572729864152_n-1536x1024.jpg 1536w, https:\/\/ihemmali.com\/wp-content\/uploads\/2025\/10\/557788167_10230570846634467_7736127572729864152_n-18x12.jpg 18w, https:\/\/ihemmali.com\/wp-content\/uploads\/2025\/10\/557788167_10230570846634467_7736127572729864152_n.jpg 1620w\" sizes=\"(max-width: 768px) 100vw, 768px\" \/><\/div><\/a>\n\t\t\t\t<div class=\"elementor-post__badge\">\u00c9v\u00e8nements<\/div>\n\t\t\t\t<div class=\"elementor-post__text\">\n\t\t\t\t<h3 class=\"elementor-post__title\">\n\t\t\t<a href=\"https:\/\/ihemmali.com\/fr\/graduation-ihem-mali-2025\/\" >\n\t\t\t\tGraduation IHEM-MALI 2025 &#8211; Promotion  Diadi\u00e9 dit Amadou Sankar\u00e9\t\t\t<\/a>\n\t\t<\/h3>\n\t\t\t\t<div class=\"elementor-post__excerpt\">\n\t\t\t<p>IHEM-MALI C\u00e9r\u00e9monie de Remise des Dipl\u00f4mes, Promotion Diadi\u00e9 dit Amadou Sangar\u00e9, Ann\u00e9e 2025 C\u00e9r\u00e9monie de Remise des Dipl\u00f4mes suite<\/p>\n\t\t<\/div>\n\t\t\t\t\t<div class=\"elementor-post__read-more-wrapper\">\n\t\t\n\t\t<a class=\"elementor-post__read-more\" href=\"https:\/\/ihemmali.com\/fr\/graduation-ihem-mali-2025\/\" aria-label=\"Read more about Graduation IHEM-MALI 2025 &#8211; Promotion  Diadi\u00e9 dit Amadou Sankar\u00e9\" tabindex=\"-1\" >\n\t\t\tLire Plus\t\t<\/a>\n\n\t\t\t\t\t<\/div>\n\t\t\t\t<\/div>\n\t\t\t\t<div class=\"elementor-post__meta-data\">\n\t\t\t\t\t<span class=\"elementor-post-date\">\n\t\t\toctobre 9, 2025\t\t<\/span>\n\t\t\t\t<\/div>\n\t\t\t\t\t<\/div>\n\t\t<\/article>\n\t\t\t\t<article class=\"elementor-post elementor-grid-item post-1041 post type-post status-publish format-standard has-post-thumbnail hentry category-evenements\" role=\"listitem\">\n\t\t\t<div class=\"elementor-post__card\">\n\t\t\t\t<a class=\"elementor-post__thumbnail__link\" href=\"https:\/\/ihemmali.com\/fr\/election-du-president-des-etudiants\/\" tabindex=\"-1\" ><div class=\"elementor-post__thumbnail\"><img decoding=\"async\" width=\"768\" height=\"384\" src=\"https:\/\/ihemmali.com\/wp-content\/uploads\/2023\/11\/196326612_2265213253608822_7905729722329489426_n-1200x600-1-768x384.jpg\" class=\"attachment-medium_large size-medium_large wp-image-395\" alt=\"\" srcset=\"https:\/\/ihemmali.com\/wp-content\/uploads\/2023\/11\/196326612_2265213253608822_7905729722329489426_n-1200x600-1-768x384.jpg 768w, https:\/\/ihemmali.com\/wp-content\/uploads\/2023\/11\/196326612_2265213253608822_7905729722329489426_n-1200x600-1-300x150.jpg 300w, https:\/\/ihemmali.com\/wp-content\/uploads\/2023\/11\/196326612_2265213253608822_7905729722329489426_n-1200x600-1-1024x512.jpg 1024w, https:\/\/ihemmali.com\/wp-content\/uploads\/2023\/11\/196326612_2265213253608822_7905729722329489426_n-1200x600-1.jpg 1200w\" sizes=\"(max-width: 768px) 100vw, 768px\" \/><\/div><\/a>\n\t\t\t\t<div class=\"elementor-post__badge\">\u00c9v\u00e8nements<\/div>\n\t\t\t\t<div class=\"elementor-post__text\">\n\t\t\t\t<h3 class=\"elementor-post__title\">\n\t\t\t<a href=\"https:\/\/ihemmali.com\/fr\/election-du-president-des-etudiants\/\" >\n\t\t\t\tElection du Pr\u00e9sident des etudiants\t\t\t<\/a>\n\t\t<\/h3>\n\t\t\t\t<div class=\"elementor-post__excerpt\">\n\t\t\t<p><\/p>\n\t\t<\/div>\n\t\t\t\t\t<div class=\"elementor-post__read-more-wrapper\">\n\t\t\n\t\t<a class=\"elementor-post__read-more\" href=\"https:\/\/ihemmali.com\/fr\/election-du-president-des-etudiants\/\" aria-label=\"Read more about Election du Pr\u00e9sident des etudiants\" tabindex=\"-1\" >\n\t\t\tLire Plus\t\t<\/a>\n\n\t\t\t\t\t<\/div>\n\t\t\t\t<\/div>\n\t\t\t\t<div class=\"elementor-post__meta-data\">\n\t\t\t\t\t<span class=\"elementor-post-date\">\n\t\t\tavril 12, 2023\t\t<\/span>\n\t\t\t\t<\/div>\n\t\t\t\t\t<\/div>\n\t\t<\/article>\n\t\t\t\t<article class=\"elementor-post elementor-grid-item post-1043 post type-post status-publish format-standard has-post-thumbnail hentry category-conferences category-videos-motivations\" role=\"listitem\">\n\t\t\t<div class=\"elementor-post__card\">\n\t\t\t\t<a class=\"elementor-post__thumbnail__link\" href=\"https:\/\/ihemmali.com\/fr\/pdg-du-groupe-saer-en-conference\/\" tabindex=\"-1\" ><div class=\"elementor-post__thumbnail\"><img loading=\"lazy\" decoding=\"async\" width=\"768\" height=\"427\" src=\"https:\/\/ihemmali.com\/wp-content\/uploads\/2024\/02\/poster-Saer3-1080x600-1-768x427.jpeg\" class=\"attachment-medium_large size-medium_large wp-image-1044\" alt=\"\" srcset=\"https:\/\/ihemmali.com\/wp-content\/uploads\/2024\/02\/poster-Saer3-1080x600-1-768x427.jpeg 768w, https:\/\/ihemmali.com\/wp-content\/uploads\/2024\/02\/poster-Saer3-1080x600-1-300x167.jpeg 300w, https:\/\/ihemmali.com\/wp-content\/uploads\/2024\/02\/poster-Saer3-1080x600-1-1024x569.jpeg 1024w, https:\/\/ihemmali.com\/wp-content\/uploads\/2024\/02\/poster-Saer3-1080x600-1-18x10.jpeg 18w, https:\/\/ihemmali.com\/wp-content\/uploads\/2024\/02\/poster-Saer3-1080x600-1.jpeg 1080w\" sizes=\"(max-width: 768px) 100vw, 768px\" \/><\/div><\/a>\n\t\t\t\t<div class=\"elementor-post__badge\">Conf\u00e9rences<\/div>\n\t\t\t\t<div class=\"elementor-post__text\">\n\t\t\t\t<h3 class=\"elementor-post__title\">\n\t\t\t<a href=\"https:\/\/ihemmali.com\/fr\/pdg-du-groupe-saer-en-conference\/\" >\n\t\t\t\tPDG du Groupe SAER en conf\u00e9rence\t\t\t<\/a>\n\t\t<\/h3>\n\t\t\t\t<div class=\"elementor-post__excerpt\">\n\t\t\t<p>&nbsp;<\/p>\n\t\t<\/div>\n\t\t\t\t\t<div class=\"elementor-post__read-more-wrapper\">\n\t\t\n\t\t<a class=\"elementor-post__read-more\" href=\"https:\/\/ihemmali.com\/fr\/pdg-du-groupe-saer-en-conference\/\" aria-label=\"Read more about PDG du Groupe SAER en conf\u00e9rence\" tabindex=\"-1\" >\n\t\t\tLire Plus\t\t<\/a>\n\n\t\t\t\t\t<\/div>\n\t\t\t\t<\/div>\n\t\t\t\t<div class=\"elementor-post__meta-data\">\n\t\t\t\t\t<span class=\"elementor-post-date\">\n\t\t\tavril 11, 2023\t\t<\/span>\n\t\t\t\t<\/div>\n\t\t\t\t\t<\/div>\n\t\t<\/article>\n\t\t\t\t<article class=\"elementor-post elementor-grid-item post-1362 post type-post status-publish format-standard hentry category-all\" role=\"listitem\">\n\t\t\t<div class=\"elementor-post__card\">\n\t\t\t\t<div class=\"elementor-post__text\">\n\t\t\t\t<h3 class=\"elementor-post__title\">\n\t\t\t<a href=\"https:\/\/ihemmali.com\/fr\/l0-unlock-your-website-s-potential-download-yoast-seo-premium-for-free\/\" >\n\t\t\t\tUnlock Your Website&#8217;s Potential: Download Yoast SEO Premium for FREE!\t\t\t<\/a>\n\t\t<\/h3>\n\t\t\t\t<div class=\"elementor-post__excerpt\">\n\t\t\t<p>Header About Features Pro Benefits Installation Download Alternatives FAQ Unlock Your Website&#8217;s Potential: Download Yoast SEO Premium for FREE! As<\/p>\n\t\t<\/div>\n\t\t\t\t\t<div class=\"elementor-post__read-more-wrapper\">\n\t\t\n\t\t<a class=\"elementor-post__read-more\" href=\"https:\/\/ihemmali.com\/fr\/l0-unlock-your-website-s-potential-download-yoast-seo-premium-for-free\/\" aria-label=\"Read more about Unlock Your Website&#8217;s Potential: Download Yoast SEO Premium for FREE!\" tabindex=\"-1\" >\n\t\t\tLire Plus\t\t<\/a>\n\n\t\t\t\t\t<\/div>\n\t\t\t\t<\/div>\n\t\t\t\t<div class=\"elementor-post__meta-data\">\n\t\t\t\t\t<span class=\"elementor-post-date\">\n\t\t\tjuin 6, 2021\t\t<\/span>\n\t\t\t\t<\/div>\n\t\t\t\t\t<\/div>\n\t\t<\/article>\n\t\t\t\t<article class=\"elementor-post elementor-grid-item post-1064 post type-post status-publish format-standard has-post-thumbnail hentry category-interview\" role=\"listitem\">\n\t\t\t<div class=\"elementor-post__card\">\n\t\t\t\t<a class=\"elementor-post__thumbnail__link\" href=\"https:\/\/ihemmali.com\/fr\/diadie-sankare-pdg-du-groupe-saer-et-president-du-cnpm\/\" tabindex=\"-1\" ><div class=\"elementor-post__thumbnail\"><img loading=\"lazy\" decoding=\"async\" width=\"768\" height=\"450\" src=\"https:\/\/ihemmali.com\/wp-content\/uploads\/2024\/02\/DDt-1024x600-1-768x450.jpg\" class=\"attachment-medium_large size-medium_large wp-image-1065\" alt=\"\" srcset=\"https:\/\/ihemmali.com\/wp-content\/uploads\/2024\/02\/DDt-1024x600-1-768x450.jpg 768w, https:\/\/ihemmali.com\/wp-content\/uploads\/2024\/02\/DDt-1024x600-1-300x176.jpg 300w, https:\/\/ihemmali.com\/wp-content\/uploads\/2024\/02\/DDt-1024x600-1-18x12.jpg 18w, https:\/\/ihemmali.com\/wp-content\/uploads\/2024\/02\/DDt-1024x600-1.jpg 1024w\" sizes=\"(max-width: 768px) 100vw, 768px\" \/><\/div><\/a>\n\t\t\t\t<div class=\"elementor-post__badge\">Interview<\/div>\n\t\t\t\t<div class=\"elementor-post__text\">\n\t\t\t\t<h3 class=\"elementor-post__title\">\n\t\t\t<a href=\"https:\/\/ihemmali.com\/fr\/diadie-sankare-pdg-du-groupe-saer-et-president-du-cnpm\/\" >\n\t\t\t\tDiadie\u0301 SANKARE\u0301, PDG du Groupe SAER et Pre\u0301sident du CNPM\t\t\t<\/a>\n\t\t<\/h3>\n\t\t\t\t<div class=\"elementor-post__excerpt\">\n\t\t\t\t\t<\/div>\n\t\t\t\t\t<div class=\"elementor-post__read-more-wrapper\">\n\t\t\n\t\t<a class=\"elementor-post__read-more\" href=\"https:\/\/ihemmali.com\/fr\/diadie-sankare-pdg-du-groupe-saer-et-president-du-cnpm\/\" aria-label=\"Read more about Diadie\u0301 SANKARE\u0301, PDG du Groupe SAER et Pre\u0301sident du CNPM\" tabindex=\"-1\" >\n\t\t\tLire Plus\t\t<\/a>\n\n\t\t\t\t\t<\/div>\n\t\t\t\t<\/div>\n\t\t\t\t<div class=\"elementor-post__meta-data\">\n\t\t\t\t\t<span class=\"elementor-post-date\">\n\t\t\tseptembre 14, 2017\t\t<\/span>\n\t\t\t\t<\/div>\n\t\t\t\t\t<\/div>\n\t\t<\/article>\n\t\t\t\t<\/div>\n\t\t\n\t\t\t\t\t\t<\/div>\n\t\t\t\t<\/div>\n\t\t\t\t\t<\/div>\n\t\t\t\t<\/div>\n\t\t\t\t<\/div>","protected":false},"excerpt":{"rendered":"","protected":false},"author":2,"featured_media":0,"parent":0,"menu_order":0,"comment_status":"closed","ping_status":"closed","template":"","meta":{"_acf_changed":false,"footnotes":""},"class_list":["post-1120","page","type-page","status-publish","hentry"],"acf":[],"yoast_head":"<!-- This site is optimized with the Yoast SEO plugin v27.4 - https:\/\/yoast.com\/product\/yoast-seo-wordpress\/ -->\n<title>Actualit\u00e9s - IHEM<\/title>\n<meta name=\"robots\" content=\"index, follow, max-snippet:-1, max-image-preview:large, max-video-preview:-1\" \/>\n<link rel=\"canonical\" href=\"https:\/\/ihemmali.com\/fr\/actualites\/\" \/>\n<meta property=\"og:locale\" content=\"fr_FR\" \/>\n<meta property=\"og:type\" content=\"article\" \/>\n<meta property=\"og:title\" content=\"Actualit\u00e9s - IHEM\" \/>\n<meta property=\"og:url\" content=\"https:\/\/ihemmali.com\/fr\/actualites\/\" \/>\n<meta property=\"og:site_name\" content=\"IHEM\" \/>\n<meta property=\"article:modified_time\" content=\"2024-02-12T13:30:55+00:00\" \/>\n<meta name=\"twitter:card\" content=\"summary_large_image\" \/>\n<script type=\"application\/ld+json\" class=\"yoast-schema-graph\">{\"@context\":\"https:\\\/\\\/schema.org\",\"@graph\":[{\"@type\":\"WebPage\",\"@id\":\"https:\\\/\\\/ihemmali.com\\\/actualites\\\/\",\"url\":\"https:\\\/\\\/ihemmali.com\\\/actualites\\\/\",\"name\":\"Actualit\u00e9s - IHEM\",\"isPartOf\":{\"@id\":\"https:\\\/\\\/ihemmali.com\\\/fr\\\/#website\"},\"datePublished\":\"2024-02-12T13:11:42+00:00\",\"dateModified\":\"2024-02-12T13:30:55+00:00\",\"breadcrumb\":{\"@id\":\"https:\\\/\\\/ihemmali.com\\\/actualites\\\/#breadcrumb\"},\"inLanguage\":\"fr-FR\",\"potentialAction\":[{\"@type\":\"ReadAction\",\"target\":[\"https:\\\/\\\/ihemmali.com\\\/actualites\\\/\"]}]},{\"@type\":\"BreadcrumbList\",\"@id\":\"https:\\\/\\\/ihemmali.com\\\/actualites\\\/#breadcrumb\",\"itemListElement\":[{\"@type\":\"ListItem\",\"position\":1,\"name\":\"Home\",\"item\":\"https:\\\/\\\/ihemmali.com\\\/\"},{\"@type\":\"ListItem\",\"position\":2,\"name\":\"Actualit\u00e9s\"}]},{\"@type\":\"WebSite\",\"@id\":\"https:\\\/\\\/ihemmali.com\\\/fr\\\/#website\",\"url\":\"https:\\\/\\\/ihemmali.com\\\/fr\\\/\",\"name\":\"IHEM\",\"description\":\"\",\"publisher\":{\"@id\":\"https:\\\/\\\/ihemmali.com\\\/fr\\\/#organization\"},\"potentialAction\":[{\"@type\":\"SearchAction\",\"target\":{\"@type\":\"EntryPoint\",\"urlTemplate\":\"https:\\\/\\\/ihemmali.com\\\/fr\\\/?s={search_term_string}\"},\"query-input\":{\"@type\":\"PropertyValueSpecification\",\"valueRequired\":true,\"valueName\":\"search_term_string\"}}],\"inLanguage\":\"fr-FR\"},{\"@type\":\"Organization\",\"@id\":\"https:\\\/\\\/ihemmali.com\\\/fr\\\/#organization\",\"name\":\"IHEM\",\"url\":\"https:\\\/\\\/ihemmali.com\\\/fr\\\/\",\"logo\":{\"@type\":\"ImageObject\",\"inLanguage\":\"fr-FR\",\"@id\":\"https:\\\/\\\/ihemmali.com\\\/fr\\\/#\\\/schema\\\/logo\\\/image\\\/\",\"url\":\"https:\\\/\\\/ihemmali.com\\\/wp-content\\\/uploads\\\/2023\\\/10\\\/LOGO-IHEM.png\",\"contentUrl\":\"https:\\\/\\\/ihemmali.com\\\/wp-content\\\/uploads\\\/2023\\\/10\\\/LOGO-IHEM.png\",\"width\":200,\"height\":49,\"caption\":\"IHEM\"},\"image\":{\"@id\":\"https:\\\/\\\/ihemmali.com\\\/fr\\\/#\\\/schema\\\/logo\\\/image\\\/\"}}]}<\/script>\n<!-- \/ Yoast SEO plugin. -->","yoast_head_json":{"title":"Actualit\u00e9s - IHEM","robots":{"index":"index","follow":"follow","max-snippet":"max-snippet:-1","max-image-preview":"max-image-preview:large","max-video-preview":"max-video-preview:-1"},"canonical":"https:\/\/ihemmali.com\/fr\/actualites\/","og_locale":"fr_FR","og_type":"article","og_title":"Actualit\u00e9s - IHEM","og_url":"https:\/\/ihemmali.com\/fr\/actualites\/","og_site_name":"IHEM","article_modified_time":"2024-02-12T13:30:55+00:00","twitter_card":"summary_large_image","schema":{"@context":"https:\/\/schema.org","@graph":[{"@type":"WebPage","@id":"https:\/\/ihemmali.com\/actualites\/","url":"https:\/\/ihemmali.com\/actualites\/","name":"Actualit\u00e9s - IHEM","isPartOf":{"@id":"https:\/\/ihemmali.com\/fr\/#website"},"datePublished":"2024-02-12T13:11:42+00:00","dateModified":"2024-02-12T13:30:55+00:00","breadcrumb":{"@id":"https:\/\/ihemmali.com\/actualites\/#breadcrumb"},"inLanguage":"fr-FR","potentialAction":[{"@type":"ReadAction","target":["https:\/\/ihemmali.com\/actualites\/"]}]},{"@type":"BreadcrumbList","@id":"https:\/\/ihemmali.com\/actualites\/#breadcrumb","itemListElement":[{"@type":"ListItem","position":1,"name":"Home","item":"https:\/\/ihemmali.com\/"},{"@type":"ListItem","position":2,"name":"Actualit\u00e9s"}]},{"@type":"WebSite","@id":"https:\/\/ihemmali.com\/fr\/#website","url":"https:\/\/ihemmali.com\/fr\/","name":"IHEM","description":"","publisher":{"@id":"https:\/\/ihemmali.com\/fr\/#organization"},"potentialAction":[{"@type":"SearchAction","target":{"@type":"EntryPoint","urlTemplate":"https:\/\/ihemmali.com\/fr\/?s={search_term_string}"},"query-input":{"@type":"PropertyValueSpecification","valueRequired":true,"valueName":"search_term_string"}}],"inLanguage":"fr-FR"},{"@type":"Organization","@id":"https:\/\/ihemmali.com\/fr\/#organization","name":"IHEM","url":"https:\/\/ihemmali.com\/fr\/","logo":{"@type":"ImageObject","inLanguage":"fr-FR","@id":"https:\/\/ihemmali.com\/fr\/#\/schema\/logo\/image\/","url":"https:\/\/ihemmali.com\/wp-content\/uploads\/2023\/10\/LOGO-IHEM.png","contentUrl":"https:\/\/ihemmali.com\/wp-content\/uploads\/2023\/10\/LOGO-IHEM.png","width":200,"height":49,"caption":"IHEM"},"image":{"@id":"https:\/\/ihemmali.com\/fr\/#\/schema\/logo\/image\/"}}]}},"_links":{"self":[{"href":"https:\/\/ihemmali.com\/fr\/wp-json\/wp\/v2\/pages\/1120","targetHints":{"allow":["GET"]}}],"collection":[{"href":"https:\/\/ihemmali.com\/fr\/wp-json\/wp\/v2\/pages"}],"about":[{"href":"https:\/\/ihemmali.com\/fr\/wp-json\/wp\/v2\/types\/page"}],"author":[{"embeddable":true,"href":"https:\/\/ihemmali.com\/fr\/wp-json\/wp\/v2\/users\/2"}],"replies":[{"embeddable":true,"href":"https:\/\/ihemmali.com\/fr\/wp-json\/wp\/v2\/comments?post=1120"}],"version-history":[{"count":7,"href":"https:\/\/ihemmali.com\/fr\/wp-json\/wp\/v2\/pages\/1120\/revisions"}],"predecessor-version":[{"id":1139,"href":"https:\/\/ihemmali.com\/fr\/wp-json\/wp\/v2\/pages\/1120\/revisions\/1139"}],"wp:attachment":[{"href":"https:\/\/ihemmali.com\/fr\/wp-json\/wp\/v2\/media?parent=1120"}],"curies":[{"name":"wp","href":"https:\/\/api.w.org\/{rel}","templated":true}]}}